{"id":2150,"date":"2024-10-13T15:43:47","date_gmt":"2024-10-13T10:13:47","guid":{"rendered":"https:\/\/finanzpro.info\/?page_id=2150"},"modified":"2024-10-24T18:59:10","modified_gmt":"2024-10-24T16:59:10","slug":"terms-and-conditions","status":"publish","type":"page","link":"https:\/\/finanzpro.info\/de\/geschaftsbedingungen\/","title":{"rendered":"Gesch\u00e4ftsbedingungen"},"content":{"rendered":"<div data-elementor-type=\"wp-page\" data-elementor-id=\"2150\" class=\"elementor elementor-2150\" data-elementor-post-type=\"page\">\n\t\t\t\t<div class=\"elementor-element elementor-element-905cf86 e-flex e-con-boxed e-con e-parent\" data-id=\"905cf86\" data-element_type=\"container\">\n\t\t\t\t\t<div class=\"e-con-inner\">\n\t\t\t\t<div class=\"elementor-element elementor-element-833ea75 elementor-widget elementor-widget-text-editor\" data-id=\"833ea75\" data-element_type=\"widget\" data-widget_type=\"text-editor.default\">\n\t\t\t\t<div class=\"elementor-widget-container\">\n\t\t\t\t\t\t\t<p>Diese Allgemeinen Gesch\u00e4ftsbedingungen (\u201eVereinbarung\u201c) legen die allgemeinen Gesch\u00e4ftsbedingungen f\u00fcr Ihre Nutzung der <a href=\"https:\/\/finanzpro.info\/de\/\" target=\"_blank\" rel=\"noopener noreferrer\">finanzpro.info<\/a> Website (\u201eWebsite\u201c oder \u201eDienst\u201c) und alle damit verbundenen Produkte und Dienste (zusammen \u201eDienste\u201c). Diese Vereinbarung ist rechtlich bindend zwischen Ihnen (\u201eBenutzer\u201c, \u201eSie\u201c oder \u201eIhr\u201c) und Finanzpro (\u201eFinanzpro\u201c, \u201ewir\u201c, \u201euns\u201c oder \u201eunser\u201c). Wenn Sie diese Vereinbarung im Namen eines Unternehmens oder einer anderen juristischen Person abschlie\u00dfen, erkl\u00e4ren Sie, dass Sie befugt sind, diese juristische Person an diese Vereinbarung zu binden, wobei sich die Begriffe \u201eBenutzer\u201c, \u201eSie\u201c oder \u201eIhr\u201c auf diese juristische Person beziehen. Wenn Sie nicht \u00fcber eine solche Befugnis verf\u00fcgen oder den Bedingungen dieser Vereinbarung nicht zustimmen, d\u00fcrfen Sie diese Vereinbarung nicht akzeptieren und nicht auf die Website und Dienste zugreifen und diese nutzen. Indem Sie auf die Website und Dienste zugreifen und diese nutzen, best\u00e4tigen Sie, dass Sie die Bedingungen dieser Vereinbarung gelesen und verstanden haben und sich mit deren Bindung einverstanden erkl\u00e4ren. Sie erkennen an, dass diese Vereinbarung ein Vertrag zwischen Ihnen und Finanzpro ist, auch wenn sie elektronisch ist und nicht physisch von Ihnen unterzeichnet wurde, und dass sie Ihre Nutzung der Website und Dienste regelt.<\/p><p>\u00a0<\/p><p>\u00a0<\/p><p><span style=\"color: #202020; font-family: 'Fira Sans', sans-serif; font-size: 1.75rem; font-weight: 600;\">Inhaltsverzeichnis<\/span><\/p><div class=\"toc\"><ul class=\"toc\"><li><span style=\"color: #000000;\">Konten und Mitgliedschaft<\/span><\/li><li><span style=\"color: #000000;\">Links zu anderen Ressourcen<\/span><\/li><li><span style=\"color: #000000;\">\u00c4nderungen und Erg\u00e4nzungen<\/span><\/li><li><span style=\"color: #000000;\">Akzeptanz dieser Bedingungen<\/span><\/li><li><span style=\"color: #000000;\">Kontakt<\/span><\/li><\/ul><h3>\u00a0<\/h3><h3><strong>Konten und Mitgliedschaft<\/strong><\/h3><\/div><p>Sie m\u00fcssen mindestens 18 Jahre alt sein, um die Website und Dienste nutzen zu k\u00f6nnen. Indem Sie die Website und Dienste nutzen und dieser Vereinbarung zustimmen, garantieren und erkl\u00e4ren Sie, dass Sie mindestens 18 Jahre alt sind. Wenn Sie ein Konto auf der Website erstellen, sind Sie f\u00fcr die Aufrechterhaltung der Sicherheit Ihres Kontos verantwortlich und Sie tragen die volle Verantwortung f\u00fcr alle Aktivit\u00e4ten, die unter dem Konto stattfinden, sowie f\u00fcr alle anderen damit verbundenen Ma\u00dfnahmen. Wir k\u00f6nnen neue Konten \u00fcberwachen und \u00fcberpr\u00fcfen, bevor Sie sich anmelden und die Dienste nutzen k\u00f6nnen. Die Angabe falscher Kontaktinformationen jeglicher Art kann zur K\u00fcndigung Ihres Kontos f\u00fchren. Sie m\u00fcssen uns unverz\u00fcglich \u00fcber jede unbefugte Nutzung Ihres Kontos oder andere Sicherheitsverletzungen informieren. Wir haften nicht f\u00fcr Handlungen oder Unterlassungen Ihrerseits, einschlie\u00dflich Sch\u00e4den jeglicher Art, die infolge solcher Handlungen oder Unterlassungen entstehen. Wir k\u00f6nnen Ihr Konto (oder Teile davon) sperren, deaktivieren oder l\u00f6schen, wenn wir feststellen, dass Sie gegen eine Bestimmung dieser Vereinbarung versto\u00dfen haben oder dass Ihr Verhalten oder Ihre Inhalte dazu neigen, unseren Ruf und unseren guten Willen zu sch\u00e4digen. Wenn wir Ihr Konto aus den vorgenannten Gr\u00fcnden l\u00f6schen, d\u00fcrfen Sie sich nicht erneut f\u00fcr unsere Dienste registrieren. Wir k\u00f6nnen Ihre E-Mail-Adresse und IP-Adresse sperren, um weitere Registrierungen zu verhindern.<\/p><h3>\u00a0<\/h3><h3>Links zu anderen Ressourcen<\/h3><p>Obwohl die Website und Dienste auf andere Ressourcen (wie Websites, mobile Anwendungen usw.) verlinken k\u00f6nnen, implizieren wir weder direkt noch indirekt eine Genehmigung, Verbindung, F\u00f6rderung, Billigung oder Zugeh\u00f6rigkeit zu einer verlinkten Ressource, sofern hierin nicht ausdr\u00fccklich angegeben. Wir sind nicht f\u00fcr die Pr\u00fcfung oder Bewertung verantwortlich und \u00fcbernehmen keine Garantie f\u00fcr die Angebote von Unternehmen oder Einzelpersonen oder den Inhalt ihrer Ressourcen. Wir \u00fcbernehmen keine Verantwortung oder Haftung f\u00fcr die Handlungen, Produkte, Dienste und Inhalte anderer Dritter. Sie sollten die rechtlichen Hinweise und anderen Nutzungsbedingungen aller Ressourcen, auf die Sie \u00fcber einen Link auf der Website zugreifen, sorgf\u00e4ltig pr\u00fcfen. Ihre Verlinkung zu anderen externen Ressourcen erfolgt auf Ihr eigenes Risiko.<\/p><h3>\u00a0<\/h3><h3>\u00c4nderungen und Erg\u00e4nzungen<\/h3><p>Wir behalten uns das Recht vor, diese Vereinbarung oder ihre Bedingungen in Bezug auf die Website und Dienste jederzeit nach eigenem Ermessen zu \u00e4ndern. Wenn wir dies tun, werden wir das aktualisierte Datum unten auf dieser Seite aktualisieren. Wir k\u00f6nnen Sie nach eigenem Ermessen auch auf andere Weise benachrichtigen, beispielsweise \u00fcber die von Ihnen angegebenen Kontaktinformationen.<\/p><p>Sofern nicht anders angegeben, tritt eine aktualisierte Version dieser Vereinbarung sofort nach der Ver\u00f6ffentlichung der \u00fcberarbeiteten Vereinbarung in Kraft. Ihre fortgesetzte Nutzung der Website und Dienste nach dem Inkrafttreten der \u00fcberarbeiteten Vereinbarung (oder einer anderen zu diesem Zeitpunkt angegebenen Handlung) gilt als Ihre Zustimmung zu diesen \u00c4nderungen.<\/p><h3>\u00a0<\/h3><h3>Akzeptanz dieser Bedingungen<\/h3><p>Sie best\u00e4tigen, dass Sie diese Vereinbarung gelesen haben und mit allen Bedingungen einverstanden sind. Indem Sie auf die Website und Dienste zugreifen und diese nutzen, erkl\u00e4ren Sie sich mit dieser Vereinbarung einverstanden. Wenn Sie den Bedingungen dieser Vereinbarung nicht zustimmen, sind Sie nicht berechtigt, auf die Website und Dienste zuzugreifen oder diese zu nutzen.\u00a0<\/p><p>\u00a0<\/p><h3><strong>Kontakt<\/strong><\/h3><p>Wenn Sie Fragen, Bedenken oder Beschwerden bez\u00fcglich dieser Vereinbarung haben, k\u00f6nnen Sie uns unter den folgenden Kontaktdaten erreichen:<\/p><p><a href=\"https:\/\/finanzpro.info\/de\/kontaktiere-uns\/\" target=\"_blank\" rel=\"noopener noreferrer\">https:\/\/finanzpro.info\/contact-us\/<\/a><\/p><p>\u00a0<\/p><p><strong>Dieses Dokument wurde zuletzt am 13. Oktober 2024 aktualisiert.<\/strong><\/p>\t\t\t\t\t\t<\/div>\n\t\t\t\t<\/div>\n\t\t\t\t\t<\/div>\n\t\t\t\t<\/div>\n\t\t\t\t<\/div>","protected":false},"excerpt":{"rendered":"<p>These terms and conditions (\u201cAgreement\u201d) set forth the general terms and conditions of your use of the finanzpro.info website (\u201cWebsite\u201d or \u201cService\u201d) and any of its related products and services (collectively, \u201cServices\u201d). This Agreement is legally binding between you (\u201cUser\u201d, \u201cyou\u201d or \u201cyour\u201d) and Finanzpro (\u201cFinanzpro\u201d, \u201cwe\u201d, \u201cus\u201d or \u201cour\u201d). If you are entering into [&hellip;]<\/p>","protected":false},"author":1,"featured_media":0,"parent":0,"menu_order":5,"comment_status":"closed","ping_status":"closed","template":"tpl-default-elementor.php","meta":{"footnotes":""},"class_list":["post-2150","page","type-page","status-publish","hentry"],"_links":{"self":[{"href":"https:\/\/finanzpro.info\/de\/wp-json\/wp\/v2\/pages\/2150","targetHints":{"allow":["GET"]}}],"collection":[{"href":"https:\/\/finanzpro.info\/de\/wp-json\/wp\/v2\/pages"}],"about":[{"href":"https:\/\/finanzpro.info\/de\/wp-json\/wp\/v2\/types\/page"}],"author":[{"embeddable":true,"href":"https:\/\/finanzpro.info\/de\/wp-json\/wp\/v2\/users\/1"}],"replies":[{"embeddable":true,"href":"https:\/\/finanzpro.info\/de\/wp-json\/wp\/v2\/comments?post=2150"}],"version-history":[{"count":10,"href":"https:\/\/finanzpro.info\/de\/wp-json\/wp\/v2\/pages\/2150\/revisions"}],"predecessor-version":[{"id":2420,"href":"https:\/\/finanzpro.info\/de\/wp-json\/wp\/v2\/pages\/2150\/revisions\/2420"}],"wp:attachment":[{"href":"https:\/\/finanzpro.info\/de\/wp-json\/wp\/v2\/media?parent=2150"}],"curies":[{"name":"wp","href":"https:\/\/api.w.org\/{rel}","templated":true}]}}