{"id":1332,"date":"2024-03-22T09:48:15","date_gmt":"2024-03-22T09:48:15","guid":{"rendered":"https:\/\/wp1.themevibrant.com\/newwp\/financer\/?page_id=1332"},"modified":"2024-10-24T18:59:51","modified_gmt":"2024-10-24T16:59:51","slug":"blog","status":"publish","type":"page","link":"https:\/\/finanzpro.info\/de\/blog\/","title":{"rendered":"Der Blog"},"content":{"rendered":"<div data-elementor-type=\"wp-page\" data-elementor-id=\"1332\" class=\"elementor elementor-1332\" data-elementor-post-type=\"page\">\n\t\t\t\t<div class=\"elementor-element elementor-element-11b7c02 e-flex e-con-boxed e-con e-parent\" data-id=\"11b7c02\" data-element_type=\"container\">\n\t\t\t\t\t<div class=\"e-con-inner\">\n\t\t\t\t<div class=\"elementor-element elementor-element-9bf1478 elementor-widget elementor-widget-financer_blog_grid\" data-id=\"9bf1478\" data-element_type=\"widget\" data-widget_type=\"financer_blog_grid.default\">\n\t\t\t\t<div class=\"elementor-widget-container\">\n\t\t\t\t\t\r\n                \r\n        <!-- Blog Section -->\r\n        <section class=\"blog_section p-0 m-0\">            \r\n            <div class=\"row\">\r\n                                <div class=\"col-xl-4 col-md-6 col-sm-12\">\r\n                    <div class=\"news_block_one mb_40\" data-aos=\"fade-up\" data-aos-easing=\"linear\" data-aos-duration=\"500\">\r\n                        <div class=\"inner_box\">\r\n                                                        <figure class=\"image_box\"><a href=\"https:\/\/finanzpro.info\/de\/gesetzliche-renten-in-deutschland-wie-funktionieren-sie\/\"><img fetchpriority=\"high\" decoding=\"async\" width=\"410\" height=\"250\" src=\"https:\/\/finanzpro.info\/wp-content\/uploads\/2024\/03\/concept-pension-business-finance_220873-14113-410x250.avif\" class=\"attachment-financer_410x250 size-financer_410x250 wp-post-image\" alt=\"\" \/><\/a><\/figure>\r\n                                                        <div class=\"lower_content\">\r\n                                <div class=\"category\"><span><a href=\"https:\/\/finanzpro.info\/de\/kategorie\/personliche-finanzen\/\" rel=\"category tag\">Pers\u00f6nliche Finanzen<\/a><\/span><\/div>                                <h3><a href=\"https:\/\/finanzpro.info\/de\/gesetzliche-renten-in-deutschland-wie-funktionieren-sie\/\">Gesetzliche Rentenversicherung in Deutschland: Wie funktioniert sie?<\/a><\/h3>\r\n                                                                <ul class=\"post-info\">\r\n                                    <li><i class=\"icon-21\"><\/i>28. M\u00e4rz 2024<\/li>                                    <li><i class=\"icon-20\"><\/i><a href=\"https:\/\/finanzpro.info\/de\/author\/admin_finanz\/\">Administrator<\/a><\/li>                                <\/ul>\r\n                                                                \r\n                            <\/div>\r\n                        <\/div>\r\n                    <\/div>\r\n                <\/div>\r\n                            <\/div>\r\n            \r\n                        <div class=\"pagination-wrapper text-center  aos-init aos-animate\" data-aos=\"fade-up\" data-aos-easing=\"linear\" data-aos-duration=\"1100\">\r\n                            <\/div>\r\n                            \r\n            \r\n        <\/section>\r\n        <!-- Blog Section end -->\r\n                    \r\n                                \r\n        \t\t<\/div>\n\t\t\t\t<\/div>\n\t\t\t\t\t<\/div>\n\t\t\t\t<\/div>\n\t\t\t\t<\/div>","protected":false},"excerpt":{"rendered":"<p>Pers\u00f6nliche Finanzen Gesetzliche Renten in Deutschland: Wie funktionieren sie? (DUPLIKAT) 21. Oktober 2024 admin Pers\u00f6nliche Finanzen Gesetzliche Renten in Deutschland: Wie funktionieren sie? 28. M\u00e4rz 2024 admin<\/p>","protected":false},"author":1,"featured_media":0,"parent":0,"menu_order":3,"comment_status":"closed","ping_status":"closed","template":"tpl-default-elementor.php","meta":{"footnotes":""},"class_list":["post-1332","page","type-page","status-publish","hentry"],"_links":{"self":[{"href":"https:\/\/finanzpro.info\/de\/wp-json\/wp\/v2\/pages\/1332","targetHints":{"allow":["GET"]}}],"collection":[{"href":"https:\/\/finanzpro.info\/de\/wp-json\/wp\/v2\/pages"}],"about":[{"href":"https:\/\/finanzpro.info\/de\/wp-json\/wp\/v2\/types\/page"}],"author":[{"embeddable":true,"href":"https:\/\/finanzpro.info\/de\/wp-json\/wp\/v2\/users\/1"}],"replies":[{"embeddable":true,"href":"https:\/\/finanzpro.info\/de\/wp-json\/wp\/v2\/comments?post=1332"}],"version-history":[{"count":9,"href":"https:\/\/finanzpro.info\/de\/wp-json\/wp\/v2\/pages\/1332\/revisions"}],"predecessor-version":[{"id":2423,"href":"https:\/\/finanzpro.info\/de\/wp-json\/wp\/v2\/pages\/1332\/revisions\/2423"}],"wp:attachment":[{"href":"https:\/\/finanzpro.info\/de\/wp-json\/wp\/v2\/media?parent=1332"}],"curies":[{"name":"wp","href":"https:\/\/api.w.org\/{rel}","templated":true}]}}